
{"id":1151,"date":"2021-03-09T07:52:22","date_gmt":"2021-03-09T07:52:22","guid":{"rendered":"http:\/\/petropompsad.com\/?page_id=1151"},"modified":"2025-01-18T08:11:01","modified_gmt":"2025-01-18T08:11:01","slug":"contact","status":"publish","type":"page","link":"https:\/\/petropompsad.com\/tr\/contact\/","title":{"rendered":"Ba\u011flant\u0131"},"content":{"rendered":"<div data-elementor-type=\"wp-page\" data-elementor-id=\"1151\" class=\"elementor elementor-1151\">\n\t\t\t\t\t\t<section class=\"elementor-section elementor-top-section elementor-element elementor-element-6c8aab5 get-in-touch elementor-section-boxed elementor-section-height-default elementor-section-height-default\" data-id=\"6c8aab5\" data-element_type=\"section\" data-settings=\"{&quot;tmea_shape_divider_top&quot;:&quot;none&quot;,&quot;tmea_shape_divider_bottom&quot;:&quot;none&quot;}\">\n\t\t\t\t\t\t<div class=\"elementor-container elementor-column-gap-default\">\n\t\t\t\t\t<div class=\"elementor-column elementor-col-50 elementor-top-column elementor-element elementor-element-b50e566 percent-41-6\" data-id=\"b50e566\" data-element_type=\"column\">\n\t\t\t<div class=\"elementor-widget-wrap elementor-element-populated\">\n\t\t\t\t\t\t<div class=\"elementor-element elementor-element-fc1a354 elementor-widget elementor-widget-tfl-heading\" data-id=\"fc1a354\" data-element_type=\"widget\" data-widget_type=\"tfl-heading.default\">\n\t\t\t\t<div class=\"elementor-widget-container\">\n\t\t\t\n<div class=\"tfl-heading tfl-style1 tfl-alignleft\">\n\n            <div class=\"tfl-subtitle\">bizimle ileti\u015fime ge\u00e7in<\/div>\n    \n    <h2 class=\"tfl-title\"><\/h2>\n\n<\/div><!-- .tfl-heading -->\t\t<\/div>\n\t\t\t\t<\/div>\n\t\t\t\t<div class=\"elementor-element elementor-element-0b5b203 elementor-widget elementor-widget-text-editor\" data-id=\"0b5b203\" data-element_type=\"widget\" data-widget_type=\"text-editor.default\">\n\t\t\t\t<div class=\"elementor-widget-container\">\n\t\t\t<style>\/*! elementor - v3.19.0 - 07-02-2024 *\/\n.elementor-widget-text-editor.elementor-drop-cap-view-stacked .elementor-drop-cap{background-color:#69727d;color:#fff}.elementor-widget-text-editor.elementor-drop-cap-view-framed .elementor-drop-cap{color:#69727d;border:3px solid;background-color:transparent}.elementor-widget-text-editor:not(.elementor-drop-cap-view-default) .elementor-drop-cap{margin-top:8px}.elementor-widget-text-editor:not(.elementor-drop-cap-view-default) .elementor-drop-cap-letter{width:1em;height:1em}.elementor-widget-text-editor .elementor-drop-cap{float:left;text-align:center;line-height:1;font-size:50px}.elementor-widget-text-editor .elementor-drop-cap-letter{display:inline-block}<\/style>\t\t\t\t<h3>Yak\u0131ttan Tasarruf Etmenizi Sa\u011flayan Verimli Benzin Pompalar\u0131<\/h3>\t\t\t\t\t\t<\/div>\n\t\t\t\t<\/div>\n\t\t\t\t<div class=\"elementor-element elementor-element-dbfea34 elementor-widget elementor-widget-spacer\" data-id=\"dbfea34\" data-element_type=\"widget\" data-widget_type=\"spacer.default\">\n\t\t\t\t<div class=\"elementor-widget-container\">\n\t\t\t<style>\/*! elementor - v3.19.0 - 07-02-2024 *\/\n.elementor-column .elementor-spacer-inner{height:var(--spacer-size)}.e-con{--container-widget-width:100%}.e-con-inner>.elementor-widget-spacer,.e-con>.elementor-widget-spacer{width:var(--container-widget-width,var(--spacer-size));--align-self:var(--container-widget-align-self,initial);--flex-shrink:0}.e-con-inner>.elementor-widget-spacer>.elementor-widget-container,.e-con>.elementor-widget-spacer>.elementor-widget-container{height:100%;width:100%}.e-con-inner>.elementor-widget-spacer>.elementor-widget-container>.elementor-spacer,.e-con>.elementor-widget-spacer>.elementor-widget-container>.elementor-spacer{height:100%}.e-con-inner>.elementor-widget-spacer>.elementor-widget-container>.elementor-spacer>.elementor-spacer-inner,.e-con>.elementor-widget-spacer>.elementor-widget-container>.elementor-spacer>.elementor-spacer-inner{height:var(--container-widget-height,var(--spacer-size))}.e-con-inner>.elementor-widget-spacer.elementor-widget-empty,.e-con>.elementor-widget-spacer.elementor-widget-empty{position:relative;min-height:22px;min-width:22px}.e-con-inner>.elementor-widget-spacer.elementor-widget-empty .elementor-widget-empty-icon,.e-con>.elementor-widget-spacer.elementor-widget-empty .elementor-widget-empty-icon{position:absolute;top:0;bottom:0;left:0;right:0;margin:auto;padding:0;width:22px;height:22px}<\/style>\t\t<div class=\"elementor-spacer\">\n\t\t\t<div class=\"elementor-spacer-inner\"><\/div>\n\t\t<\/div>\n\t\t\t\t<\/div>\n\t\t\t\t<\/div>\n\t\t\t\t<div class=\"elementor-element elementor-element-85f5d55 elementor-widget elementor-widget-spacer\" data-id=\"85f5d55\" data-element_type=\"widget\" data-widget_type=\"spacer.default\">\n\t\t\t\t<div class=\"elementor-widget-container\">\n\t\t\t\t\t<div class=\"elementor-spacer\">\n\t\t\t<div class=\"elementor-spacer-inner\"><\/div>\n\t\t<\/div>\n\t\t\t\t<\/div>\n\t\t\t\t<\/div>\n\t\t\t\t<div class=\"elementor-element elementor-element-29886fb elementor-widget elementor-widget-tfl-iconbox\" data-id=\"29886fb\" data-element_type=\"widget\" data-widget_type=\"tfl-iconbox.default\">\n\t\t\t\t<div class=\"elementor-widget-container\">\n\t\t\t\n<div class=\"tfl-iconbox tfl-style1 tfl-alignleft\">\n    <div class=\"d-flex\">\n                            <div class=\"tfl-image-wrapper\">\n                <img decoding=\"async\" class=\"logo_svg\" src=\"http:\/\/petropompsad.com\/wp-content\/uploads\/2021\/05\/location3.svg\" alt=\"1156\"\/>            <\/div>\n        \n\n        <div class=\"tfl-content-wrapper\">\n\n                        <h3            class=\"tfl-title\">\n\n                            <a href=\"#\">\n            \n            Adresimiz\n                            <\/a>\n            \n        <\/h3>\n\n    \n        \n            <p class=\"tfl-text\">Fevzi\u00e7akmak, Milenyum Cd. No:37, 42050 Horozluhan Osb\/Karatay \/ Konya<\/p>\n\n            <\/div>\n<\/div>\n\n<\/div><!-- .tfl-iconbox -->\t\t<\/div>\n\t\t\t\t<\/div>\n\t\t\t\t<div class=\"elementor-element elementor-element-8f46d77 elementor-widget elementor-widget-tfl-iconbox\" data-id=\"8f46d77\" data-element_type=\"widget\" data-widget_type=\"tfl-iconbox.default\">\n\t\t\t\t<div class=\"elementor-widget-container\">\n\t\t\t\n<div class=\"tfl-iconbox tfl-style1 tfl-alignleft\">\n    <div class=\"d-flex\">\n                            <div class=\"tfl-image-wrapper\">\n                <img decoding=\"async\" class=\"logo_svg\" src=\"http:\/\/petropompsad.com\/wp-content\/uploads\/2021\/05\/number.svg\" alt=\"1157\"\/>            <\/div>\n        \n\n        <div class=\"tfl-content-wrapper\">\n\n                        <h3            class=\"tfl-title\">\n\n                            <a href=\"#\">\n            \n            Telefonlar\u0131m\u0131z\n                            <\/a>\n            \n        <\/h3>\n\n    \n        \n            <p class=\"tfl-text\">+90 555 148 89 02 <br \/>+90 532 151 25 83<\/p>\n\n            <\/div>\n<\/div>\n\n<\/div><!-- .tfl-iconbox -->\t\t<\/div>\n\t\t\t\t<\/div>\n\t\t\t\t<div class=\"elementor-element elementor-element-dc95202 elementor-widget elementor-widget-tfl-iconbox\" data-id=\"dc95202\" data-element_type=\"widget\" data-widget_type=\"tfl-iconbox.default\">\n\t\t\t\t<div class=\"elementor-widget-container\">\n\t\t\t\n<div class=\"tfl-iconbox tfl-style1 tfl-alignleft\">\n    <div class=\"d-flex\">\n                            <div class=\"tfl-image-wrapper\">\n                <img decoding=\"async\" class=\"logo_svg\" src=\"http:\/\/petropompsad.com\/wp-content\/uploads\/2021\/05\/mail-open.svg\" alt=\"1158\"\/>            <\/div>\n        \n\n        <div class=\"tfl-content-wrapper\">\n\n                        <h3            class=\"tfl-title\">\n\n                            <a href=\"#\">\n            \n            E-Postam\u0131z\n                            <\/a>\n            \n        <\/h3>\n\n    \n        \n            <p class=\"tfl-text\">info@petropompsad.com<\/p>\n\n            <\/div>\n<\/div>\n\n<\/div><!-- .tfl-iconbox -->\t\t<\/div>\n\t\t\t\t<\/div>\n\t\t\t\t\t<\/div>\n\t\t<\/div>\n\t\t\t\t<div class=\"elementor-column elementor-col-50 elementor-top-column elementor-element elementor-element-ed28246 percent-58-3\" data-id=\"ed28246\" data-element_type=\"column\">\n\t\t\t<div class=\"elementor-widget-wrap elementor-element-populated\">\n\t\t\t\t\t\t<div class=\"elementor-element elementor-element-70fa46c elementor-widget elementor-widget-shortcode\" data-id=\"70fa46c\" data-element_type=\"widget\" data-widget_type=\"shortcode.default\">\n\t\t\t\t<div class=\"elementor-widget-container\">\n\t\t\t\t\t<div class=\"elementor-shortcode\">\n<div class=\"wpcf7 no-js\" id=\"wpcf7-f385-o1\" lang=\"en-US\" dir=\"ltr\">\n<div class=\"screen-reader-response\"><p role=\"status\" aria-live=\"polite\" aria-atomic=\"true\"><\/p> <ul><\/ul><\/div>\n<form action=\"\/tr\/wp-json\/wp\/v2\/pages\/1151#wpcf7-f385-o1\" method=\"post\" class=\"wpcf7-form init\" aria-label=\"Contact form\" novalidate=\"novalidate\" data-status=\"init\" data-trp-original-action=\"\/tr\/wp-json\/wp\/v2\/pages\/1151#wpcf7-f385-o1\">\n<div style=\"display: none;\">\n<input type=\"hidden\" name=\"_wpcf7\" value=\"385\" \/>\n<input type=\"hidden\" name=\"_wpcf7_version\" value=\"5.8.7\" \/>\n<input type=\"hidden\" name=\"_wpcf7_locale\" value=\"en_US\" \/>\n<input type=\"hidden\" name=\"_wpcf7_unit_tag\" value=\"wpcf7-f385-o1\" \/>\n<input type=\"hidden\" name=\"_wpcf7_container_post\" value=\"0\" \/>\n<input type=\"hidden\" name=\"_wpcf7_posted_data_hash\" value=\"\" \/>\n<\/div>\n<div class=\"contact-form\">\n\t<div class=\"row\">\n\t\t<div class=\"col-md-12 col-lg-6\">\n\t\t\t<p><label> \u0130sim (gerekli) <\/label><br \/>\n<span class=\"wpcf7-form-control-wrap\" data-name=\"full-name\"><input size=\"40\" class=\"wpcf7-form-control wpcf7-text wpcf7-validates-as-required\" aria-required=\"true\" aria-invalid=\"false\" placeholder=\"tam ad\u0131\" value=\"\" type=\"text\" name=\"full-name\" \/><\/span>\n\t\t\t<\/p>\n\t\t<\/div>\n\t\t<div class=\"col-md-12 col-lg-6\">\n\t\t\t<p><label> Telefon (iste\u011fe ba\u011fl\u0131) <\/label><br \/>\n<span class=\"wpcf7-form-control-wrap\" data-name=\"phone\"><input size=\"40\" class=\"wpcf7-form-control wpcf7-text\" aria-invalid=\"false\" placeholder=\"Telefon Numaras\u0131\" value=\"\" type=\"text\" name=\"phone\" \/><\/span>\n\t\t\t<\/p>\n\t\t<\/div>\n\t\t<div class=\"col-md-12 col-lg-6\">\n\t\t\t<p><label> E-posta adresi (gerekli) <\/label><br \/>\n<span class=\"wpcf7-form-control-wrap\" data-name=\"email\"><input size=\"40\" class=\"wpcf7-form-control wpcf7-email wpcf7-validates-as-required wpcf7-text wpcf7-validates-as-email\" aria-required=\"true\" aria-invalid=\"false\" placeholder=\"E-posta Adresi\" value=\"\" type=\"email\" name=\"email\" \/><\/span>\n\t\t\t<\/p>\n\t\t<\/div>\n\t<\/div>\n\t<div class=\"row\">\n\t\t<div class=\"col-md-12\">\n\t\t\t<p><label> Mesaj\u0131n\u0131z <\/label><br \/>\n<span class=\"wpcf7-form-control-wrap\" data-name=\"your-message\"><textarea cols=\"40\" rows=\"10\" class=\"wpcf7-form-control wpcf7-textarea\" aria-invalid=\"false\" placeholder=\"Mesaj\u0131n\u0131z\" name=\"your-message\"><\/textarea><\/span>\n\t\t\t<\/p>\n\t\t<\/div>\n\t\t<div class=\"col-md-12\">\n\t\t\t<p><input class=\"wpcf7-form-control wpcf7-submit has-spinner\" type=\"submit\" value=\"Mesaj g\u00f6nder\" \/>\n\t\t\t<\/p>\n\t\t<\/div>\n\t<\/div>\n<\/div><div class=\"wpcf7-response-output\" aria-hidden=\"true\"><\/div>\n<input type=\"hidden\" name=\"trp-form-language\" value=\"tr\"\/><\/form>\n<\/div>\n<\/div>\n\t\t\t\t<\/div>\n\t\t\t\t<\/div>\n\t\t\t\t\t<\/div>\n\t\t<\/div>\n\t\t\t\t\t<\/div>\n\t\t<\/section>\n\t\t\t\t<section class=\"elementor-section elementor-top-section elementor-element elementor-element-59a58b7 elementor-section-boxed elementor-section-height-default elementor-section-height-default\" data-id=\"59a58b7\" data-element_type=\"section\" data-settings=\"{&quot;tmea_shape_divider_top&quot;:&quot;none&quot;,&quot;tmea_shape_divider_bottom&quot;:&quot;none&quot;}\">\n\t\t\t\t\t\t<div class=\"elementor-container elementor-column-gap-default\">\n\t\t\t\t\t<div class=\"elementor-column elementor-col-100 elementor-top-column elementor-element elementor-element-43848ad\" data-id=\"43848ad\" data-element_type=\"column\">\n\t\t\t<div class=\"elementor-widget-wrap elementor-element-populated\">\n\t\t\t\t\t\t<div class=\"elementor-element elementor-element-0fc9ac2 hide-on-1199 elementor-widget elementor-widget-spacer\" data-id=\"0fc9ac2\" data-element_type=\"widget\" data-widget_type=\"spacer.default\">\n\t\t\t\t<div class=\"elementor-widget-container\">\n\t\t\t\t\t<div class=\"elementor-spacer\">\n\t\t\t<div class=\"elementor-spacer-inner\"><\/div>\n\t\t<\/div>\n\t\t\t\t<\/div>\n\t\t\t\t<\/div>\n\t\t\t\t<div class=\"elementor-element elementor-element-49c07ef hide-on-1199 elementor-widget elementor-widget-spacer\" data-id=\"49c07ef\" data-element_type=\"widget\" data-widget_type=\"spacer.default\">\n\t\t\t\t<div class=\"elementor-widget-container\">\n\t\t\t\t\t<div class=\"elementor-spacer\">\n\t\t\t<div class=\"elementor-spacer-inner\"><\/div>\n\t\t<\/div>\n\t\t\t\t<\/div>\n\t\t\t\t<\/div>\n\t\t\t\t\t<\/div>\n\t\t<\/div>\n\t\t\t\t\t<\/div>\n\t\t<\/section>\n\t\t\t\t<section class=\"elementor-section elementor-top-section elementor-element elementor-element-2a5ab0c elementor-section-full_width elementor-section-items-stretch elementor-section-stretched elementor-section-height-min-height elementor-section-height-default\" data-id=\"2a5ab0c\" data-element_type=\"section\" data-settings=\"{&quot;stretch_section&quot;:&quot;section-stretched&quot;,&quot;tmea_shape_divider_top&quot;:&quot;none&quot;,&quot;tmea_shape_divider_bottom&quot;:&quot;none&quot;}\">\n\t\t\t\t\t\t<div class=\"elementor-container elementor-column-gap-no\">\n\t\t\t\t\t<div class=\"elementor-column elementor-col-100 elementor-top-column elementor-element elementor-element-ee09419\" data-id=\"ee09419\" data-element_type=\"column\">\n\t\t\t<div class=\"elementor-widget-wrap elementor-element-populated\">\n\t\t\t\t\t\t<div class=\"elementor-element elementor-element-bef15bc elementor-widget elementor-widget-google_maps\" data-id=\"bef15bc\" data-element_type=\"widget\" data-widget_type=\"google_maps.default\">\n\t\t\t\t<div class=\"elementor-widget-container\">\n\t\t\t<style>\/*! elementor - v3.19.0 - 07-02-2024 *\/\n.elementor-widget-google_maps .elementor-widget-container{overflow:hidden}.elementor-widget-google_maps .elementor-custom-embed{line-height:0}.elementor-widget-google_maps iframe{height:300px}<\/style>\t\t<div class=\"elementor-custom-embed\">\n\t\t\t<iframe loading=\"lazy\"\n\t\t\t\t\tsrc=\"https:\/\/maps.google.com\/maps?q=37.92764166314569%2C%2032.55815391274374&#038;t=m&#038;z=15&#038;output=embed&#038;iwloc=near\"\n\t\t\t\t\ttitle=\"37.92764166314569, 32.55815391274374\"\n\t\t\t\t\taria-label=\"37.92764166314569, 32.55815391274374\"><\/iframe>\n\t\t<\/div>\n\t\t\t\t<\/div>\n\t\t\t\t<\/div>\n\t\t\t\t\t<\/div>\n\t\t<\/div>\n\t\t\t\t\t<\/div>\n\t\t<\/section>\n\t\t\t\t<\/div>","protected":false},"excerpt":{"rendered":"<p>Contact Us Efficient Petrol Pumps that Save You Money on Fuel Our Address Fevzi\u00e7akmak, Milenyum Cd. No:37, 42050 Horozluhan Osb\/Karatay\/Konya Our Phones +90 555 148 89 02 +90 532 151 25 83 Our Email info@petropompsad.com<\/p>","protected":false},"author":1,"featured_media":0,"parent":0,"menu_order":0,"comment_status":"closed","ping_status":"closed","template":"page-fullwidth.php","meta":{"inline_featured_image":false,"footnotes":""},"_links":{"self":[{"href":"https:\/\/petropompsad.com\/tr\/wp-json\/wp\/v2\/pages\/1151"}],"collection":[{"href":"https:\/\/petropompsad.com\/tr\/wp-json\/wp\/v2\/pages"}],"about":[{"href":"https:\/\/petropompsad.com\/tr\/wp-json\/wp\/v2\/types\/page"}],"author":[{"embeddable":true,"href":"https:\/\/petropompsad.com\/tr\/wp-json\/wp\/v2\/users\/1"}],"replies":[{"embeddable":true,"href":"https:\/\/petropompsad.com\/tr\/wp-json\/wp\/v2\/comments?post=1151"}],"version-history":[{"count":21,"href":"https:\/\/petropompsad.com\/tr\/wp-json\/wp\/v2\/pages\/1151\/revisions"}],"predecessor-version":[{"id":8716,"href":"https:\/\/petropompsad.com\/tr\/wp-json\/wp\/v2\/pages\/1151\/revisions\/8716"}],"wp:attachment":[{"href":"https:\/\/petropompsad.com\/tr\/wp-json\/wp\/v2\/media?parent=1151"}],"curies":[{"name":"wp","href":"https:\/\/api.w.org\/{rel}","templated":true}]}}