{"id":7282,"date":"2023-10-13T08:48:30","date_gmt":"2023-10-13T07:48:30","guid":{"rendered":"https:\/\/petropompsad.com\/?post_type=product&#038;p=7282"},"modified":"2024-02-19T06:14:45","modified_gmt":"2024-02-19T06:14:45","slug":"en-suction-thermal-oil-centrifugal-pump","status":"publish","type":"product","link":"https:\/\/petropompsad.com\/tr\/urun\/en-suction-thermal-oil-centrifugal-pump\/","title":{"rendered":"En Emi\u015fli Termal Ya\u011f Santrif\u00fcj Pompas\u0131"},"content":{"rendered":"<p style=\"text-align: left;\"><a id=\"product-catalog-bt\" href=\"https:\/\/petropompsad.com\/wp-content\/uploads\/2024\/02\/En_Suction_Thermal_Oil_Centrifugal_Pump.pdf\" target=\"_blank\" rel=\"nofollow noopener\">Product Catalog<i class=\"fa fa-file-pdf-o\"><\/i><\/a><\/p>\n<p>&nbsp;<\/p>\n<div class=\"page\" title=\"Page 3\">\n<table>\n<tbody>\n<tr>\n<td>\n<div class=\"layoutArea\">\n<div class=\"column\">\n<p>Discharge Flange<\/p>\n<\/div>\n<\/div>\n<\/td>\n<td>\n<div class=\"layoutArea\">\n<div class=\"column\">\n<p>DN 32 &#8211; DN 150<\/p>\n<\/div>\n<\/div>\n<\/td>\n<\/tr>\n<tr>\n<td>\n<div class=\"layoutArea\">\n<div class=\"column\">\n<p>Capacity<\/p>\n<\/div>\n<\/div>\n<\/td>\n<td>\n<div class=\"layoutArea\">\n<div class=\"column\">\n<p>400 m<sup>3<\/sup>\/h<\/p>\n<\/div>\n<\/div>\n<\/td>\n<\/tr>\n<tr>\n<td>\n<div class=\"layoutArea\">\n<div class=\"column\">\n<p>Head<\/p>\n<\/div>\n<\/div>\n<\/td>\n<td>\n<div class=\"layoutArea\">\n<div class=\"column\">\n<p>150 m<\/p>\n<\/div>\n<\/div>\n<\/td>\n<\/tr>\n<tr>\n<td>\n<div class=\"layoutArea\">\n<div class=\"column\">\n<p>Frequency<\/p>\n<\/div>\n<\/div>\n<\/td>\n<td>\n<div class=\"layoutArea\">\n<div class=\"column\">\n<p>50 Hz &#8211; 60 Hz<\/p>\n<\/div>\n<\/div>\n<\/td>\n<\/tr>\n<tr>\n<td>\n<div class=\"layoutArea\">\n<div class=\"column\">\n<p>Temperature of Pumped liquid<\/p>\n<\/div>\n<\/div>\n<\/td>\n<td>\n<div class=\"layoutArea\">\n<div class=\"column\">\n<p>from &#8211; 25 \u00b0C to + 300 \u00b0C<\/p>\n<\/div>\n<\/div>\n<\/td>\n<\/tr>\n<tr>\n<td>\n<div class=\"layoutArea\">\n<div class=\"column\">\n<p>Speed<\/p>\n<\/div>\n<\/div>\n<\/td>\n<td>\n<div class=\"layoutArea\">\n<div class=\"column\">\n<p>1500 rpm\/3000 rpm<\/p>\n<\/div>\n<\/div>\n<\/td>\n<\/tr>\n<\/tbody>\n<\/table>\n<\/div>","protected":false},"excerpt":{"rendered":"<p><img fetchpriority=\"high\" decoding=\"async\" class=\"alignnone wp-image-8132 size-full\" src=\"https:\/\/petropompsad.com\/wp-content\/uploads\/2024\/02\/3.webp\" alt=\"\" width=\"800\" height=\"800\" srcset=\"https:\/\/petropompsad.com\/wp-content\/uploads\/2024\/02\/3.webp 800w, https:\/\/petropompsad.com\/wp-content\/uploads\/2024\/02\/3-300x300.webp 300w, https:\/\/petropompsad.com\/wp-content\/uploads\/2024\/02\/3-100x100.webp 100w, https:\/\/petropompsad.com\/wp-content\/uploads\/2024\/02\/3-600x600.webp 600w, https:\/\/petropompsad.com\/wp-content\/uploads\/2024\/02\/3-150x150.webp 150w, https:\/\/petropompsad.com\/wp-content\/uploads\/2024\/02\/3-768x768.webp 768w, https:\/\/petropompsad.com\/wp-content\/uploads\/2024\/02\/3-12x12.webp 12w, https:\/\/petropompsad.com\/wp-content\/uploads\/2024\/02\/elementor\/thumbs\/3-qjvv21ll262g24jkhnpaciskwnlw2eebpe10ir7pzs.webp 700w\" sizes=\"(max-width: 800px) 100vw, 800px\" \/><\/p>","protected":false},"featured_media":8550,"template":"","meta":{"inline_featured_image":false},"product_cat":[263],"product_tag":[],"_links":{"self":[{"href":"https:\/\/petropompsad.com\/tr\/wp-json\/wp\/v2\/product\/7282"}],"collection":[{"href":"https:\/\/petropompsad.com\/tr\/wp-json\/wp\/v2\/product"}],"about":[{"href":"https:\/\/petropompsad.com\/tr\/wp-json\/wp\/v2\/types\/product"}],"wp:featuredmedia":[{"embeddable":true,"href":"https:\/\/petropompsad.com\/tr\/wp-json\/wp\/v2\/media\/8550"}],"wp:attachment":[{"href":"https:\/\/petropompsad.com\/tr\/wp-json\/wp\/v2\/media?parent=7282"}],"wp:term":[{"taxonomy":"product_cat","embeddable":true,"href":"https:\/\/petropompsad.com\/tr\/wp-json\/wp\/v2\/product_cat?post=7282"},{"taxonomy":"product_tag","embeddable":true,"href":"https:\/\/petropompsad.com\/tr\/wp-json\/wp\/v2\/product_tag?post=7282"}],"curies":[{"name":"wp","href":"https:\/\/api.w.org\/{rel}","templated":true}]}}