{"id":7300,"date":"2023-10-13T08:59:20","date_gmt":"2023-10-13T07:59:20","guid":{"rendered":"https:\/\/petropompsad.com\/?post_type=product&#038;p=7300"},"modified":"2024-02-20T12:43:50","modified_gmt":"2024-02-20T12:43:50","slug":"submersible-waste-water-centrifugal-pump","status":"publish","type":"product","link":"https:\/\/petropompsad.com\/tr\/urun\/submersible-waste-water-centrifugal-pump\/","title":{"rendered":"Dalg\u0131\u00e7 At\u0131k Su Santrif\u00fcj Pompas\u0131"},"content":{"rendered":"<p style=\"text-align: left;\"><a id=\"product-catalog-bt\" href=\"https:\/\/petropompsad.com\/wp-content\/uploads\/2024\/02\/Submersible_Waste_Water_Centrifugal_Pump.pdf\" target=\"_blank\" rel=\"nofollow noopener\">Product Catalog<i class=\"fa fa-file-pdf-o\"><\/i><\/a><\/p>\n<p style=\"text-align: left;\"><a id=\"product-catalog-bt\" href=\"https:\/\/petropompsad.com\/wp-content\/uploads\/2024\/02\/SADON_SWWCP_EX.pdf\" target=\"_blank\" rel=\"nofollow noopener\">Product Catalog<i class=\"fa fa-file-pdf-o\"><\/i><\/a><\/p>\n<div class=\"page\" title=\"Page 24\">\n<table>\n<tbody>\n<tr>\n<td>\n<div class=\"layoutArea\">\n<div class=\"column\">\n<p>Discharge Flange<\/p>\n<\/div>\n<\/div>\n<\/td>\n<td>\n<div class=\"layoutArea\">\n<div class=\"column\">\n<p>DN 50 &#8211; DN 500<\/p>\n<\/div>\n<\/div>\n<\/td>\n<\/tr>\n<tr>\n<td>\n<div class=\"layoutArea\">\n<div class=\"column\">\n<p>Capacity<\/p>\n<\/div>\n<\/div>\n<\/td>\n<td>\n<div class=\"layoutArea\">\n<div class=\"column\">\n<p>2600 m<sup>3<\/sup>\/h<\/p>\n<\/div>\n<\/div>\n<\/td>\n<\/tr>\n<tr>\n<td>\n<div class=\"layoutArea\">\n<div class=\"column\">\n<p>Head<\/p>\n<\/div>\n<\/div>\n<\/td>\n<td>\n<div class=\"layoutArea\">\n<div class=\"column\">\n<p>60 m<\/p>\n<\/div>\n<\/div>\n<\/td>\n<\/tr>\n<tr>\n<td>\n<div class=\"layoutArea\">\n<div class=\"column\">\n<p>Frequency<\/p>\n<\/div>\n<\/div>\n<\/td>\n<td>\n<div class=\"layoutArea\">\n<div class=\"column\">\n<p>50 Hz &#8211; 60 Hz<\/p>\n<\/div>\n<\/div>\n<\/td>\n<\/tr>\n<tr>\n<td>\n<div class=\"layoutArea\">\n<div class=\"column\">\n<p>Temperature of Pumped liquid<\/p>\n<\/div>\n<\/div>\n<\/td>\n<td>\n<div class=\"layoutArea\">\n<div class=\"column\">\n<p>from &#8211; 25 \u00b0C to + 160 \u00b0C<\/p>\n<\/div>\n<\/div>\n<\/td>\n<\/tr>\n<tr>\n<td>\n<div class=\"layoutArea\">\n<div class=\"column\">\n<p>Speed<\/p>\n<\/div>\n<\/div>\n<\/td>\n<td>\n<div class=\"layoutArea\">\n<div class=\"column\">\n<p>1500 rpm\/3000 rpm<\/p>\n<\/div>\n<\/div>\n<\/td>\n<\/tr>\n<\/tbody>\n<\/table>\n<\/div>","protected":false},"excerpt":{"rendered":"<p><img fetchpriority=\"high\" decoding=\"async\" class=\"alignnone wp-image-8149 size-full\" src=\"https:\/\/petropompsad.com\/wp-content\/uploads\/2024\/02\/84.webp\" alt=\"\" width=\"800\" height=\"800\" srcset=\"https:\/\/petropompsad.com\/wp-content\/uploads\/2024\/02\/84.webp 800w, https:\/\/petropompsad.com\/wp-content\/uploads\/2024\/02\/84-300x300.webp 300w, https:\/\/petropompsad.com\/wp-content\/uploads\/2024\/02\/84-100x100.webp 100w, https:\/\/petropompsad.com\/wp-content\/uploads\/2024\/02\/84-600x600.webp 600w, https:\/\/petropompsad.com\/wp-content\/uploads\/2024\/02\/84-150x150.webp 150w, https:\/\/petropompsad.com\/wp-content\/uploads\/2024\/02\/84-768x768.webp 768w, https:\/\/petropompsad.com\/wp-content\/uploads\/2024\/02\/84-12x12.webp 12w, https:\/\/petropompsad.com\/wp-content\/uploads\/2024\/02\/elementor\/thumbs\/84-qjvvdxa5fsbwspac4akjd0vb6z1wcok706uxvnllco.webp 700w\" sizes=\"(max-width: 800px) 100vw, 800px\" \/><\/p>","protected":false},"featured_media":8580,"template":"","meta":{"inline_featured_image":false},"product_cat":[266],"product_tag":[],"_links":{"self":[{"href":"https:\/\/petropompsad.com\/tr\/wp-json\/wp\/v2\/product\/7300"}],"collection":[{"href":"https:\/\/petropompsad.com\/tr\/wp-json\/wp\/v2\/product"}],"about":[{"href":"https:\/\/petropompsad.com\/tr\/wp-json\/wp\/v2\/types\/product"}],"wp:featuredmedia":[{"embeddable":true,"href":"https:\/\/petropompsad.com\/tr\/wp-json\/wp\/v2\/media\/8580"}],"wp:attachment":[{"href":"https:\/\/petropompsad.com\/tr\/wp-json\/wp\/v2\/media?parent=7300"}],"wp:term":[{"taxonomy":"product_cat","embeddable":true,"href":"https:\/\/petropompsad.com\/tr\/wp-json\/wp\/v2\/product_cat?post=7300"},{"taxonomy":"product_tag","embeddable":true,"href":"https:\/\/petropompsad.com\/tr\/wp-json\/wp\/v2\/product_tag?post=7300"}],"curies":[{"name":"wp","href":"https:\/\/api.w.org\/{rel}","templated":true}]}}