{"id":7302,"date":"2023-10-13T09:03:00","date_gmt":"2023-10-13T08:03:00","guid":{"rendered":"https:\/\/petropompsad.com\/?post_type=product&#038;p=7302"},"modified":"2024-02-19T06:12:04","modified_gmt":"2024-02-19T06:12:04","slug":"double-suction-centrifugal-pump","status":"publish","type":"product","link":"https:\/\/petropompsad.com\/tr\/urun\/double-suction-centrifugal-pump\/","title":{"rendered":"\u00c7ift Emi\u015fli Santrif\u00fcj Pompa"},"content":{"rendered":"<p style=\"text-align: left;\"><a id=\"product-catalog-bt\" href=\"https:\/\/petropompsad.com\/wp-content\/uploads\/2024\/02\/double_suction_centrifugal_pump.pdf\" target=\"_blank\" rel=\"nofollow noopener\">Product Catalog<i class=\"fa fa-file-pdf-o\"><\/i><\/a><\/p>\n<div class=\"page\" title=\"Page 18\">\n<table>\n<tbody>\n<tr>\n<td>\n<div class=\"layoutArea\">\n<div class=\"column\">\n<p>Discharge Flange<\/p>\n<\/div>\n<\/div>\n<\/td>\n<td>\n<div class=\"layoutArea\">\n<div class=\"column\">\n<p>DN 80 &#8211; DN 700<\/p>\n<\/div>\n<\/div>\n<\/td>\n<\/tr>\n<tr>\n<td>\n<div class=\"layoutArea\">\n<div class=\"column\">\n<p>Capacity<\/p>\n<\/div>\n<\/div>\n<\/td>\n<td>\n<div class=\"layoutArea\">\n<div class=\"column\">\n<p>3600 m<sup>3<\/sup>\/h<\/p>\n<\/div>\n<\/div>\n<\/td>\n<\/tr>\n<tr>\n<td>\n<div class=\"layoutArea\">\n<div class=\"column\">\n<p>Head<\/p>\n<\/div>\n<\/div>\n<\/td>\n<td>\n<div class=\"layoutArea\">\n<div class=\"column\">\n<p>150 m<\/p>\n<\/div>\n<\/div>\n<\/td>\n<\/tr>\n<tr>\n<td>\n<div class=\"layoutArea\">\n<div class=\"column\">\n<p>Frequency<\/p>\n<\/div>\n<\/div>\n<\/td>\n<td>\n<div class=\"layoutArea\">\n<div class=\"column\">\n<p>50 Hz &#8211; 60 Hz<\/p>\n<\/div>\n<\/div>\n<\/td>\n<\/tr>\n<tr>\n<td>\n<div class=\"layoutArea\">\n<div class=\"column\">\n<p>Temperature of Pumped liquid<\/p>\n<\/div>\n<\/div>\n<\/td>\n<td>\n<div class=\"layoutArea\">\n<div class=\"column\">\n<p>from &#8211; 25 \u00b0C to + 160 \u00b0C<\/p>\n<\/div>\n<\/div>\n<\/td>\n<\/tr>\n<tr>\n<td>\n<div class=\"layoutArea\">\n<div class=\"column\">\n<p>Speed<\/p>\n<\/div>\n<\/div>\n<\/td>\n<td>\n<div class=\"layoutArea\">\n<div class=\"column\">\n<p>1500 rpm\/3000 rpm<\/p>\n<\/div>\n<\/div>\n<\/td>\n<\/tr>\n<\/tbody>\n<\/table>\n<\/div>","protected":false},"excerpt":{"rendered":"<p><img fetchpriority=\"high\" decoding=\"async\" class=\"alignnone wp-image-8081 size-full\" src=\"https:\/\/petropompsad.com\/wp-content\/uploads\/2024\/02\/Double-Suct_on-Centr_fugal-Pump-circular-image-1.webp\" alt=\"\" width=\"800\" height=\"800\" srcset=\"https:\/\/petropompsad.com\/wp-content\/uploads\/2024\/02\/Double-Suct_on-Centr_fugal-Pump-circular-image-1.webp 800w, https:\/\/petropompsad.com\/wp-content\/uploads\/2024\/02\/Double-Suct_on-Centr_fugal-Pump-circular-image-1-300x300.webp 300w, https:\/\/petropompsad.com\/wp-content\/uploads\/2024\/02\/Double-Suct_on-Centr_fugal-Pump-circular-image-1-100x100.webp 100w, https:\/\/petropompsad.com\/wp-content\/uploads\/2024\/02\/elementor\/thumbs\/Double-Suct_on-Centr_fugal-Pump-circular-image-1-qjudcdy0hs8wmh4n9wtdve7ipq58q8p5yvqrbbse40.webp 600w, https:\/\/petropompsad.com\/wp-content\/uploads\/2024\/02\/Double-Suct_on-Centr_fugal-Pump-circular-image-1-150x150.webp 150w, https:\/\/petropompsad.com\/wp-content\/uploads\/2024\/02\/Double-Suct_on-Centr_fugal-Pump-circular-image-1-768x768.webp 768w, https:\/\/petropompsad.com\/wp-content\/uploads\/2024\/02\/Double-Suct_on-Centr_fugal-Pump-circular-image-1-12x12.webp 12w, https:\/\/petropompsad.com\/wp-content\/uploads\/2024\/02\/elementor\/thumbs\/Double-Suct_on-Centr_fugal-Pump-circular-image-1-qjudcdy1pn1c8hadotojzh1vr2cvdzwvuobxgq9m54.webp 700w\" sizes=\"(max-width: 800px) 100vw, 800px\" \/><\/p>","protected":false},"featured_media":8579,"template":"","meta":{"inline_featured_image":false},"product_cat":[264],"product_tag":[],"_links":{"self":[{"href":"https:\/\/petropompsad.com\/tr\/wp-json\/wp\/v2\/product\/7302"}],"collection":[{"href":"https:\/\/petropompsad.com\/tr\/wp-json\/wp\/v2\/product"}],"about":[{"href":"https:\/\/petropompsad.com\/tr\/wp-json\/wp\/v2\/types\/product"}],"wp:featuredmedia":[{"embeddable":true,"href":"https:\/\/petropompsad.com\/tr\/wp-json\/wp\/v2\/media\/8579"}],"wp:attachment":[{"href":"https:\/\/petropompsad.com\/tr\/wp-json\/wp\/v2\/media?parent=7302"}],"wp:term":[{"taxonomy":"product_cat","embeddable":true,"href":"https:\/\/petropompsad.com\/tr\/wp-json\/wp\/v2\/product_cat?post=7302"},{"taxonomy":"product_tag","embeddable":true,"href":"https:\/\/petropompsad.com\/tr\/wp-json\/wp\/v2\/product_tag?post=7302"}],"curies":[{"name":"wp","href":"https:\/\/api.w.org\/{rel}","templated":true}]}}